{"id":3624,"date":"2015-07-07T04:07:32","date_gmt":"2015-07-07T04:07:32","guid":{"rendered":"https:\/\/www.tamaspal.hu\/portfolio\/?page_id=3624"},"modified":"2026-01-28T09:05:04","modified_gmt":"2026-01-28T09:05:04","slug":"home-creative","status":"publish","type":"page","link":"https:\/\/www.tamaspal.hu\/portfolio\/","title":{"rendered":"Kezd\u0151lap"},"content":{"rendered":"<div  class=\"ppb_portfolio one nopadding \" >\n<div class=\"page_content_wrapper \">\n<div class=\"standard_wrapper\">\n<div id=\"17695911041866787710\" class=\"portfolio_filter_wrapper gallery portfolio-content section content clearfix three_cols contain\">\n<div class=\"element classic3_cols\">\n<div class=\"one_third gallery3 classic filterable static animated1\"><a href=\"https:\/\/www.tamaspal.hu\/portfolio\/portfolios\/interior\/\"><img decoding=\"async\" src=\"https:\/\/www.tamaspal.hu\/portfolio\/wp-content\/uploads\/2018\/03\/Enterior_Home2-705x529.jpg\" alt=\"Enteri\u0151rfot\u00f3z\u00e1s\"\/><\/p>\n<div class=\"portfolio_classic_icon_wrapper\">\n<div class=\"portfolio_classic_icon_content\">\n\t\t\t\t\t\t\t\t<i class=\"fa fa-plus\"><\/i>\n\t\t\t\t\t\t\t<\/div>\n<\/p><\/div>\n<p><\/a><\/div>\n<p><br class=\"clear\"\/><\/p>\n<div id=\"portfolio_desc_4267\" class=\"portfolio_desc portfolio3 contain filterable\">\n<h5>Enteri\u0151rfot\u00f3z\u00e1s<\/h5>\n<div class=\"post_detail\">Bels\u0151 terek \/ Enteri\u0151r\u00f6k \/ \u00c9p\u00fcletfot\u00f3k<\/div>\n<\/div>\n<\/div>\n<div class=\"element classic3_cols\">\n<div class=\"one_third gallery3 classic filterable static animated2\"><a href=\"https:\/\/www.tamaspal.hu\/portfolio\/portfolios\/eskuvoi-fotozas\/\"><img decoding=\"async\" src=\"https:\/\/www.tamaspal.hu\/portfolio\/wp-content\/uploads\/2018\/03\/Home_Wedding3-705x529.jpg\" alt=\"Esk\u00fcv\u0151i fot\u00f3z\u00e1s\"\/><\/p>\n<div class=\"portfolio_classic_icon_wrapper\">\n<div class=\"portfolio_classic_icon_content\">\n\t\t\t\t\t\t\t\t<i class=\"fa fa-plus\"><\/i>\n\t\t\t\t\t\t\t<\/div>\n<\/p><\/div>\n<p><\/a><\/div>\n<p><br class=\"clear\"\/><\/p>\n<div id=\"portfolio_desc_4263\" class=\"portfolio_desc portfolio3 contain filterable\">\n<h5>Esk\u00fcv\u0151i fot\u00f3z\u00e1s<\/h5>\n<div class=\"post_detail\">\u00c9rzelmek \/ Pillanatok \/ Eml\u00e9kek<\/div>\n<\/div>\n<\/div>\n<div class=\"element classic3_cols\">\n<div class=\"one_third gallery3 classic filterable static animated3\"><a href=\"https:\/\/www.tamaspal.hu\/portfolio\/portfolios\/event\/\"><img decoding=\"async\" src=\"https:\/\/www.tamaspal.hu\/portfolio\/wp-content\/uploads\/2018\/03\/Home_Event-705x529.jpg\" alt=\"Rendezv\u00e9nyfot\u00f3z\u00e1s\"\/><\/p>\n<div class=\"portfolio_classic_icon_wrapper\">\n<div class=\"portfolio_classic_icon_content\">\n\t\t\t\t\t\t\t\t<i class=\"fa fa-plus\"><\/i>\n\t\t\t\t\t\t\t<\/div>\n<\/p><\/div>\n<p><\/a><\/div>\n<p><br class=\"clear\"\/><\/p>\n<div id=\"portfolio_desc_4265\" class=\"portfolio_desc portfolio3 contain filterable\">\n<h5>Rendezv\u00e9nyfot\u00f3z\u00e1s<\/h5>\n<div class=\"post_detail\">Konferenci\u00e1k \/ G\u00e1l\u00e1k \/ C\u00e9ges rendezv\u00e9nyek<\/div>\n<\/div>\n<\/div>\n<div class=\"element classic3_cols\">\n<div class=\"one_third gallery3 classic filterable static animated4\"><a href=\"https:\/\/www.tamaspal.hu\/portfolio\/portfolios\/product\/\"><img decoding=\"async\" src=\"https:\/\/www.tamaspal.hu\/portfolio\/wp-content\/uploads\/2018\/03\/Home_Corporate-705x529.jpg\" alt=\"\u00dczleti fot\u00f3z\u00e1s\"\/><\/p>\n<div class=\"portfolio_classic_icon_wrapper\">\n<div class=\"portfolio_classic_icon_content\">\n\t\t\t\t\t\t\t\t<i class=\"fa fa-plus\"><\/i>\n\t\t\t\t\t\t\t<\/div>\n<\/p><\/div>\n<p><\/a><\/div>\n<p><br class=\"clear\"\/><\/p>\n<div id=\"portfolio_desc_4269\" class=\"portfolio_desc portfolio3 contain filterable\">\n<h5>\u00dczleti fot\u00f3z\u00e1s<\/h5>\n<div class=\"post_detail\">Portr\u00e9k \/ Term\u00e9kek \/ Arculatok<\/div>\n<\/div>\n<\/div>\n<div class=\"element classic3_cols\">\n<div class=\"one_third gallery3 classic filterable static animated5\"><a href=\"https:\/\/www.tamaspal.hu\/portfolio\/portfolios\/food\/\"><img decoding=\"async\" src=\"https:\/\/www.tamaspal.hu\/portfolio\/wp-content\/uploads\/2018\/11\/Etelfotozas_tamaspal-027-705x529.jpg\" alt=\"\u00c9telfot\u00f3z\u00e1s\"\/><\/p>\n<div class=\"portfolio_classic_icon_wrapper\">\n<div class=\"portfolio_classic_icon_content\">\n\t\t\t\t\t\t\t\t<i class=\"fa fa-plus\"><\/i>\n\t\t\t\t\t\t\t<\/div>\n<\/p><\/div>\n<p><\/a><\/div>\n<p><br class=\"clear\"\/><\/p>\n<div id=\"portfolio_desc_4272\" class=\"portfolio_desc portfolio3 contain filterable\">\n<h5>\u00c9telfot\u00f3z\u00e1s<\/h5>\n<div class=\"post_detail\">\u00cdzek \/ Sz\u00ednek \/ Illatok<\/div>\n<\/div>\n<\/div>\n<div class=\"element classic3_cols\">\n<div class=\"one_third gallery3 classic filterable static animated6\"><a href=\"https:\/\/www.tamaspal.hu\/portfolio\/portfolios\/essay\/\"><img decoding=\"async\" src=\"https:\/\/www.tamaspal.hu\/portfolio\/wp-content\/uploads\/2018\/03\/Home_Essay-705x529.jpg\" alt=\"Fot\u00f3essz\u00e9k\"\/><\/p>\n<div class=\"portfolio_classic_icon_wrapper\">\n<div class=\"portfolio_classic_icon_content\">\n\t\t\t\t\t\t\t\t<i class=\"fa fa-plus\"><\/i>\n\t\t\t\t\t\t\t<\/div>\n<\/p><\/div>\n<p><\/a><\/div>\n<p><br class=\"clear\"\/><\/p>\n<div id=\"portfolio_desc_4274\" class=\"portfolio_desc portfolio3 contain filterable\">\n<h5>Fot\u00f3essz\u00e9k<\/h5>\n<div class=\"post_detail\">Utaz\u00e1sok \/ Fot\u00f3riportok \/ Nagyvil\u00e1g<\/div>\n<\/div>\n<\/div>\n<\/div>\n<\/div>\n<\/div>\n<\/div>\n","protected":false},"excerpt":{"rendered":"<p>Enteri\u0151rfot\u00f3z\u00e1s Bels\u0151 terek \/ Enteri\u0151r\u00f6k \/ \u00c9p\u00fcletfot\u00f3k Esk\u00fcv\u0151i fot\u00f3z\u00e1s \u00c9rzelmek \/ Pillanatok \/ Eml\u00e9kek Rendezv\u00e9nyfot\u00f3z\u00e1s Konferenci\u00e1k \/ G\u00e1l\u00e1k \/ C\u00e9ges rendezv\u00e9nyek \u00dczleti fot\u00f3z\u00e1s Portr\u00e9k \/ Term\u00e9kek \/ Arculatok \u00c9telfot\u00f3z\u00e1s \u00cdzek \/ Sz\u00ednek \/ Illatok Fot\u00f3essz\u00e9k Utaz\u00e1sok \/ Fot\u00f3riportok \/ Nagyvil\u00e1g<\/p>\n","protected":false},"author":1,"featured_media":0,"parent":0,"menu_order":0,"comment_status":"open","ping_status":"open","template":"","meta":{"footnotes":""},"class_list":["post-3624","page","type-page","status-publish","hentry"],"_links":{"self":[{"href":"https:\/\/www.tamaspal.hu\/portfolio\/wp-json\/wp\/v2\/pages\/3624","targetHints":{"allow":["GET"]}}],"collection":[{"href":"https:\/\/www.tamaspal.hu\/portfolio\/wp-json\/wp\/v2\/pages"}],"about":[{"href":"https:\/\/www.tamaspal.hu\/portfolio\/wp-json\/wp\/v2\/types\/page"}],"author":[{"embeddable":true,"href":"https:\/\/www.tamaspal.hu\/portfolio\/wp-json\/wp\/v2\/users\/1"}],"replies":[{"embeddable":true,"href":"https:\/\/www.tamaspal.hu\/portfolio\/wp-json\/wp\/v2\/comments?post=3624"}],"version-history":[{"count":7,"href":"https:\/\/www.tamaspal.hu\/portfolio\/wp-json\/wp\/v2\/pages\/3624\/revisions"}],"predecessor-version":[{"id":7714,"href":"https:\/\/www.tamaspal.hu\/portfolio\/wp-json\/wp\/v2\/pages\/3624\/revisions\/7714"}],"wp:attachment":[{"href":"https:\/\/www.tamaspal.hu\/portfolio\/wp-json\/wp\/v2\/media?parent=3624"}],"curies":[{"name":"wp","href":"https:\/\/api.w.org\/{rel}","templated":true}]}}